{"id":50099,"date":"2023-04-21T08:55:07","date_gmt":"2023-04-21T12:55:07","guid":{"rendered":"https:\/\/www.umw.edu\/admissions\/?page_id=50099"},"modified":"2025-09-30T13:42:14","modified_gmt":"2025-09-30T17:42:14","slug":"viewbook","status":"publish","type":"page","link":"https:\/\/www.umw.edu\/admissions\/viewbook\/","title":{"rendered":"UMW Viewbook"},"content":{"rendered":"\n<section class=\"wp-block-umw-hero alignfull umw-custom-block umw-hero umw-hero--dark-text umw-hero--white umw-hero--with-no-media\"><div class=\"umw-hero__inner\"><div class=\"umw-hero__media\"><\/div><div class=\"umw-hero__title\"><div class=\"container\"><div class=\"umw-hero__title__wrapper\"><div class=\"umw-hero__eyebrow\">UMW VIEWBOOK<\/div><h1 class=\"umw-hero__title__header\">Find what matters to you.<\/h1><\/div><\/div><\/div><\/div>\n<div class=\"wp-block-umw-hero-ctas alignfull\"><div class=\"umw-hero__links\"><div class=\"container\"><div class=\"umw-hero__links__wrapper\">\n\n\n\n<\/div><\/div><\/div><\/div>\n<\/section>\n\n\n\n<h2 class=\"wp-block-heading\" id=\"h-learn-more-about-umw\">Learn more about UMW.<\/h2>\n\n\n\n<h3 class=\"wp-block-heading\" id=\"h-viewbook\">Viewbook<\/h3>\n\n\n\n<figure class=\"wp-block-embed is-type-rich is-provider-issuu wp-block-embed-issuu\"><div class=\"wp-block-embed__wrapper\">\n<iframe title=\"2025-2026 University of Mary Washington Viewbook\" src=\"https:\/\/e.issuu.com\/embed.html?u=umwpublications&#038;d=2025-2026_university_of_mary_washington_viewbook\" style=\"border:none; width: 1100px; height: 844px;\" allow=\"clipboard-write,allow-top-navigation,allow-top-navigation-by-user-activation,allow-downloads,allow-scripts,allow-same-origin,allow-popups,allow-modals,allow-popups-to-escape-sandbox,allow-forms\" allowfullscreen=\"true\"><\/iframe>\n<\/div><\/figure>\n\n\n\n<div style=\"height:50px\" aria-hidden=\"true\" class=\"wp-block-spacer\"><\/div>\n\n\n\n<h3 class=\"wp-block-heading\" id=\"h-intro-brochure\">Intro Brochure<\/h3>\n\n\n\n<figure class=\"wp-block-embed is-type-rich is-provider-issuu wp-block-embed-issuu\"><div class=\"wp-block-embed__wrapper\">\n<iframe title=\"2025-2026 UMW Travel Brochure\" src=\"https:\/\/e.issuu.com\/embed.html?u=umwpublications&#038;d=2025-2026_umw_travel_brochure\" style=\"border:none; width: 1100px; height: 844px;\" allow=\"clipboard-write,allow-top-navigation,allow-top-navigation-by-user-activation,allow-downloads,allow-scripts,allow-same-origin,allow-popups,allow-modals,allow-popups-to-escape-sandbox,allow-forms\" allowfullscreen=\"true\"><\/iframe>\n<\/div><\/figure>\n\n\n\n<div style=\"height:100px\" aria-hidden=\"true\" class=\"wp-block-spacer\"><\/div>\n\n\n\n<h2 class=\"wp-block-heading\" id=\"h-en-espanol\">En Espa\u00f1ol<\/h2>\n\n\n\n<h3 class=\"wp-block-heading\" id=\"h-folleto-sin-cargo-viewbook-en-espanol\"><strong>Folleto Sin Cargo (Viewbook En Espa\u00f1ol)<\/strong><\/h3>\n\n\n\n<figure class=\"wp-block-embed is-type-rich is-provider-issuu wp-block-embed-issuu\"><div class=\"wp-block-embed__wrapper\">\n<iframe title=\"UMW Viewbook 2025-26 Spanish\" src=\"https:\/\/e.issuu.com\/embed.html?u=umwpublications&#038;d=umw_viewbook_2025-26_spanish\" style=\"border:none; width: 1100px; height: 844px;\" allow=\"clipboard-write,allow-top-navigation,allow-top-navigation-by-user-activation,allow-downloads,allow-scripts,allow-same-origin,allow-popups,allow-modals,allow-popups-to-escape-sandbox,allow-forms\" allowfullscreen=\"true\"><\/iframe>\n<\/div><\/figure>\n\n\n\n<div style=\"height:50px\" aria-hidden=\"true\" class=\"wp-block-spacer\"><\/div>\n\n\n\n<h3 class=\"wp-block-heading\" id=\"h-folleto-introductorio-intro-brochure-en-espanol\"><strong>Folleto Introductorio (Intro Brochure En Espa\u00f1ol)<\/strong><\/h3>\n\n\n\n<figure class=\"wp-block-embed is-type-rich is-provider-issuu wp-block-embed-issuu\"><div class=\"wp-block-embed__wrapper\">\n<iframe title=\"2025-2026 UMW Spanish Travel Brochure\" src=\"https:\/\/e.issuu.com\/embed.html?u=umwpublications&#038;d=2025-2026_umw_spanish_travel_brochure\" style=\"border:none; width: 1100px; height: 844px;\" allow=\"clipboard-write,allow-top-navigation,allow-top-navigation-by-user-activation,allow-downloads,allow-scripts,allow-same-origin,allow-popups,allow-modals,allow-popups-to-escape-sandbox,allow-forms\" allowfullscreen=\"true\"><\/iframe>\n<\/div><\/figure>\n","protected":false},"excerpt":{"rendered":"<p>Learn more about UMW. Viewbook Intro Brochure En Espa\u00f1ol Folleto Sin Cargo (Viewbook En Espa\u00f1ol) Folleto Introductorio (Intro Brochure En Espa\u00f1ol)<\/p>\n","protected":false},"author":2592,"featured_media":0,"parent":0,"menu_order":0,"comment_status":"closed","ping_status":"closed","template":"","meta":{"_acf_changed":false,"umw_cb_additional_links":[[]],"_genesis_hide_title":false,"_genesis_hide_breadcrumbs":false,"_genesis_hide_singular_image":false,"_genesis_hide_footer_widgets":false,"_genesis_custom_body_class":"","_genesis_custom_post_class":"","_genesis_layout":"","jetpack_post_was_ever_published":false,"_advisory_expires_time":"","_advisory_meta_include":false,"footnotes":"","_links_to":"","_links_to_target":""},"class_list":{"0":"post-50099","1":"page","2":"type-page","3":"status-publish","5":"entry"},"acf":[],"yoast_head":"<!-- This site is optimized with the Yoast SEO Premium plugin v27.3 (Yoast SEO v27.3) - https:\/\/yoast.com\/product\/yoast-seo-premium-wordpress\/ -->\n<title>UMW Viewbook - Admissions<\/title>\n<meta name=\"robots\" content=\"index, follow, max-snippet:-1, max-image-preview:large, max-video-preview:-1\" \/>\n<link rel=\"canonical\" href=\"https:\/\/www.umw.edu\/admissions\/viewbook\/\" \/>\n<meta property=\"og:locale\" content=\"en_US\" \/>\n<meta property=\"og:type\" content=\"article\" \/>\n<meta property=\"og:title\" content=\"UMW Viewbook\" \/>\n<meta property=\"og:description\" content=\"Learn more about UMW. Viewbook Intro Brochure En Espa\u00f1ol Folleto Sin Cargo (Viewbook En Espa\u00f1ol) Folleto Introductorio (Intro Brochure En Espa\u00f1ol)\" \/>\n<meta property=\"og:url\" content=\"https:\/\/www.umw.edu\/admissions\/viewbook\/\" \/>\n<meta property=\"og:site_name\" content=\"Admissions\" \/>\n<meta property=\"article:modified_time\" content=\"2025-09-30T17:42:14+00:00\" \/>\n<meta name=\"twitter:card\" content=\"summary_large_image\" \/>\n<meta name=\"twitter:label1\" content=\"Est. reading time\" \/>\n\t<meta name=\"twitter:data1\" content=\"1 minute\" \/>\n<script type=\"application\/ld+json\" class=\"yoast-schema-graph\">{\"@context\":\"https:\\\/\\\/schema.org\",\"@graph\":[{\"@type\":\"WebPage\",\"@id\":\"https:\\\/\\\/www.umw.edu\\\/admissions\\\/viewbook\\\/\",\"url\":\"https:\\\/\\\/www.umw.edu\\\/admissions\\\/viewbook\\\/\",\"name\":\"UMW Viewbook - Admissions\",\"isPartOf\":{\"@id\":\"https:\\\/\\\/www.umw.edu\\\/admissions\\\/#website\"},\"datePublished\":\"2023-04-21T12:55:07+00:00\",\"dateModified\":\"2025-09-30T17:42:14+00:00\",\"breadcrumb\":{\"@id\":\"https:\\\/\\\/www.umw.edu\\\/admissions\\\/viewbook\\\/#breadcrumb\"},\"inLanguage\":\"en-US\",\"potentialAction\":[{\"@type\":\"ReadAction\",\"target\":[\"https:\\\/\\\/www.umw.edu\\\/admissions\\\/viewbook\\\/\"]}]},{\"@type\":\"BreadcrumbList\",\"@id\":\"https:\\\/\\\/www.umw.edu\\\/admissions\\\/viewbook\\\/#breadcrumb\",\"itemListElement\":[{\"@type\":\"ListItem\",\"position\":1,\"name\":\"Home\",\"item\":\"https:\\\/\\\/www.umw.edu\\\/admissions\\\/\"},{\"@type\":\"ListItem\",\"position\":2,\"name\":\"UMW Viewbook\"}]},{\"@type\":\"WebSite\",\"@id\":\"https:\\\/\\\/www.umw.edu\\\/admissions\\\/#website\",\"url\":\"https:\\\/\\\/www.umw.edu\\\/admissions\\\/\",\"name\":\"Admissions\",\"description\":\"University of Mary Washington\",\"potentialAction\":[{\"@type\":\"SearchAction\",\"target\":{\"@type\":\"EntryPoint\",\"urlTemplate\":\"https:\\\/\\\/www.umw.edu\\\/admissions\\\/?s={search_term_string}\"},\"query-input\":{\"@type\":\"PropertyValueSpecification\",\"valueRequired\":true,\"valueName\":\"search_term_string\"}}],\"inLanguage\":\"en-US\"}]}<\/script>\n<!-- \/ Yoast SEO Premium plugin. -->","yoast_head_json":{"title":"UMW Viewbook - Admissions","robots":{"index":"index","follow":"follow","max-snippet":"max-snippet:-1","max-image-preview":"max-image-preview:large","max-video-preview":"max-video-preview:-1"},"canonical":"https:\/\/www.umw.edu\/admissions\/viewbook\/","og_locale":"en_US","og_type":"article","og_title":"UMW Viewbook","og_description":"Learn more about UMW. Viewbook Intro Brochure En Espa\u00f1ol Folleto Sin Cargo (Viewbook En Espa\u00f1ol) Folleto Introductorio (Intro Brochure En Espa\u00f1ol)","og_url":"https:\/\/www.umw.edu\/admissions\/viewbook\/","og_site_name":"Admissions","article_modified_time":"2025-09-30T17:42:14+00:00","twitter_card":"summary_large_image","twitter_misc":{"Est. reading time":"1 minute"},"schema":{"@context":"https:\/\/schema.org","@graph":[{"@type":"WebPage","@id":"https:\/\/www.umw.edu\/admissions\/viewbook\/","url":"https:\/\/www.umw.edu\/admissions\/viewbook\/","name":"UMW Viewbook - Admissions","isPartOf":{"@id":"https:\/\/www.umw.edu\/admissions\/#website"},"datePublished":"2023-04-21T12:55:07+00:00","dateModified":"2025-09-30T17:42:14+00:00","breadcrumb":{"@id":"https:\/\/www.umw.edu\/admissions\/viewbook\/#breadcrumb"},"inLanguage":"en-US","potentialAction":[{"@type":"ReadAction","target":["https:\/\/www.umw.edu\/admissions\/viewbook\/"]}]},{"@type":"BreadcrumbList","@id":"https:\/\/www.umw.edu\/admissions\/viewbook\/#breadcrumb","itemListElement":[{"@type":"ListItem","position":1,"name":"Home","item":"https:\/\/www.umw.edu\/admissions\/"},{"@type":"ListItem","position":2,"name":"UMW Viewbook"}]},{"@type":"WebSite","@id":"https:\/\/www.umw.edu\/admissions\/#website","url":"https:\/\/www.umw.edu\/admissions\/","name":"Admissions","description":"University of Mary Washington","potentialAction":[{"@type":"SearchAction","target":{"@type":"EntryPoint","urlTemplate":"https:\/\/www.umw.edu\/admissions\/?s={search_term_string}"},"query-input":{"@type":"PropertyValueSpecification","valueRequired":true,"valueName":"search_term_string"}}],"inLanguage":"en-US"}]}},"_links":{"self":[{"href":"https:\/\/www.umw.edu\/admissions\/wp-json\/wp\/v2\/pages\/50099","targetHints":{"allow":["GET"]}}],"collection":[{"href":"https:\/\/www.umw.edu\/admissions\/wp-json\/wp\/v2\/pages"}],"about":[{"href":"https:\/\/www.umw.edu\/admissions\/wp-json\/wp\/v2\/types\/page"}],"author":[{"embeddable":true,"href":"https:\/\/www.umw.edu\/admissions\/wp-json\/wp\/v2\/users\/2592"}],"replies":[{"embeddable":true,"href":"https:\/\/www.umw.edu\/admissions\/wp-json\/wp\/v2\/comments?post=50099"}],"version-history":[{"count":0,"href":"https:\/\/www.umw.edu\/admissions\/wp-json\/wp\/v2\/pages\/50099\/revisions"}],"wp:attachment":[{"href":"https:\/\/www.umw.edu\/admissions\/wp-json\/wp\/v2\/media?parent=50099"}],"curies":[{"name":"wp","href":"https:\/\/api.w.org\/{rel}","templated":true}]}}